{"id":29,"date":"2018-08-16T10:00:44","date_gmt":"2018-08-16T10:00:44","guid":{"rendered":"https:\/\/rutland-ridgeback.de\/?page_id=29"},"modified":"2021-08-14T14:37:01","modified_gmt":"2021-08-14T14:37:01","slug":"milow","status":"publish","type":"page","link":"https:\/\/rutland-ridgeback.de\/?page_id=29","title":{"rendered":"Milow"},"content":{"rendered":"<div class=\"wpb-content-wrapper\"><p>[vc_row row_type=&#8220;row&#8220; use_row_as_full_screen_section=&#8220;no&#8220; type=&#8220;full_width&#8220; text_align=&#8220;left&#8220; video=&#8220;&#8220; css_animation=&#8220;&#8220; box_shadow_on_row=&#8220;no&#8220;][vc_column][vc_empty_space image_repeat=&#8220;no-repeat&#8220;][vc_column_text]Milow ist ein sportlicher, schlanker R\u00fcde, der Spa\u00df an der Bewegung und am Spiel mit seinem Kumpel Ray hat.<br \/>\nDar\u00fcber hinaus liebt er das Mantrailen.<br \/>\nEr ist ein typvoller, maskuliner R\u00fcde mit einer dunkelroten Farbe und einem wundersch\u00f6nen, langen Ridge.[\/vc_column_text][vc_empty_space image_repeat=&#8220;no-repeat&#8220;][\/vc_column][\/vc_row][vc_row row_type=&#8220;row&#8220; use_row_as_full_screen_section=&#8220;no&#8220; type=&#8220;grid&#8220; text_align=&#8220;left&#8220; video=&#8220;&#8220; css_animation=&#8220;&#8220; box_shadow_on_row=&#8220;no&#8220;][vc_column parallax=&#8220;content-moving&#8220; width=&#8220;1\/2&#8243;][vc_single_image image=&#8220;52&#8243; img_size=&#8220;large&#8220; style=&#8220;vc_box_border&#8220; onclick=&#8220;link_image&#8220; eltd_css_animation=&#8220;&#8220;][vc_empty_space height=&#8220;40&#8243; image_repeat=&#8220;no-repeat&#8220;][\/vc_column][vc_column width=&#8220;1\/2&#8243;][vc_column_text]Wurftag: 31.07.2015<br \/>\nZuchtbuchnummer:\u00a0VDH 15\/10911767<\/p>\n<p>Omar Milow from Mistery Castle<\/p>\n<p>Farbe: red wheaten<br \/>\nGewicht: 42 kg<br \/>\nGr\u00f6\u00dfe: 66 cm<br \/>\nHD: A<br \/>\nED\/OCD: frei<br \/>\nJME: frei<br \/>\nH\u00e4m B: frei<br \/>\nDM: frei<br \/>\nD-Lokus: D\/D<br \/>\nRidge-Gen: R\/R<\/p>\n<p>Eine umfassende Genanalyse auf 158 Krankheiten (\u201eall clear\u201c) schicken wir gerne auf Wunsch zu.<\/p>\n<p>Z\u00e4hne: Vollzahnig<br \/>\nNasenspiegel: Schwarz<br \/>\nAugenfarbe: Dunkelbraun<\/p>\n<p>Z\u00fcchter: Stefan R\u00fcdell<br \/>\n<a href=\"http:\/\/www.mistery-castle.de\">www.mistery-castle.de<\/a>[\/vc_column_text][\/vc_column][vc_column][vc_empty_space image_repeat=&#8220;no-repeat&#8220;][vc_column_text]Pedigree von Milow<\/p>\n<p>&nbsp;<\/p>\n<p>[\/vc_column_text][vc_single_image image=&#8220;385&#8243; img_size=&#8220;large&#8220; style=&#8220;vc_box_border&#8220; onclick=&#8220;link_image&#8220; eltd_css_animation=&#8220;&#8220;][vc_empty_space image_repeat=&#8220;no-repeat&#8220;][\/vc_column][vc_column][\/vc_column][\/vc_row][vc_row row_type=&#8220;row&#8220; use_row_as_full_screen_section=&#8220;no&#8220; type=&#8220;full_width&#8220; text_align=&#8220;left&#8220; video=&#8220;&#8220; css_animation=&#8220;&#8220; box_shadow_on_row=&#8220;no&#8220;][vc_column css_animation=&#8220;none&#8220; width=&#8220;1\/2&#8243;][vc_gallery interval=&#8220;3&#8243; images=&#8220;449,448,447,559,718,721&#8243; img_size=&#8220;large&#8220; title_desc_position=&#8220;on_image&#8220;][vc_empty_space height=&#8220;40&#8243; image_repeat=&#8220;no-repeat&#8220;][vc_column_text]Ein paar Nachkommen von Milow \ud83d\ude42<\/p>\n<p>[\/vc_column_text][vc_gallery interval=&#8220;3&#8243; images=&#8220;906,899,894,909,908,907,905,904,903,902,901,900,897,896,895,893,892&#8243; img_size=&#8220;large&#8220; title_desc_position=&#8220;on_image&#8220;][vc_empty_space height=&#8220;40&#8243; image_repeat=&#8220;no-repeat&#8220;][vc_empty_space height=&#8220;40&#8243; image_repeat=&#8220;no-repeat&#8220;][\/vc_column][vc_column width=&#8220;1\/2&#8243;][vc_column_text]<strong>Zuchtzulassungspr\u00fcfungsergebnisse:<\/strong><\/p>\n<p><strong>Exterieurbewertung<\/strong><\/p>\n<p>Kopf: maskulin, korrekte Proportionen<br \/>\nFang: lang, tief gestellt<br \/>\nHals: lang und trocken<br \/>\nR\u00fccken: gerade, gut bemuskelt<br \/>\nKruppe: kr\u00e4ftig<br \/>\nBrust: tief gestellt<br \/>\nRute: kr\u00e4ftig, harmonisch angesetzt<br \/>\nPfoten: gut aufgekn\u00f6chelt, geschlossen<br \/>\nFront: korrekt<br \/>\nWinkelung: korrekt in VH &amp; HH<br \/>\nGangwerk: ruhige, gleichm\u00e4\u00dfige Bewegungen mit Kraft aus der HH. VH &amp; HH parallel gef\u00fchrt<\/p>\n<p><strong>Wesensbeurteilung<\/strong><\/p>\n<p>Alle 8 Tests mit der Bestnote &#8222;A&#8220; bestanden<\/p>\n<p><strong>Erg\u00e4nzungen und Gesamteindruck<\/strong><\/p>\n<p>Selbstsicherheit: &#8222;Sehr gut&#8220;<br \/>\nTemperament: &#8222;Sehr gut&#8220;<br \/>\nF\u00fchrigkeit: &#8222;Sehr gut&#8220;<br \/>\nGesamteindruck: &#8222;In sich ruhender, gelassener R\u00fcde, der im Positiven unbekannte Reize verarbeitet&#8220;<\/p>\n<p><strong>Ausstellungen<\/strong><\/p>\n<p>Wir sind keine &#8222;Ausstellungsj\u00e4ger&#8220;. Milow hat sein Pflichtprogramm mit VV, V3, V4 und SG4 absolviert.[\/vc_column_text][vc_empty_space height=&#8220;40&#8243; image_repeat=&#8220;no-repeat&#8220;][\/vc_column][\/vc_row][vc_row row_type=&#8220;row&#8220; use_row_as_full_screen_section=&#8220;no&#8220; type=&#8220;full_width&#8220; text_align=&#8220;left&#8220; video=&#8220;&#8220; css_animation=&#8220;&#8220; box_shadow_on_row=&#8220;no&#8220;][vc_column css_animation=&#8220;none&#8220; width=&#8220;1\/4&#8243;][vc_single_image image=&#8220;751&#8243; img_size=&#8220;large&#8220; style=&#8220;vc_box_border&#8220; onclick=&#8220;link_image&#8220; eltd_css_animation=&#8220;&#8220;][vc_empty_space height=&#8220;40&#8243; image_repeat=&#8220;no-repeat&#8220;][\/vc_column][vc_column width=&#8220;1\/4&#8243;][vc_single_image image=&#8220;765&#8243; img_size=&#8220;large&#8220; alignment=&#8220;center&#8220; style=&#8220;vc_box_border&#8220; onclick=&#8220;link_image&#8220; eltd_css_animation=&#8220;&#8220;][\/vc_column][vc_column width=&#8220;1\/4&#8243;][vc_single_image image=&#8220;407&#8243; img_size=&#8220;large&#8220; alignment=&#8220;center&#8220; style=&#8220;vc_box_border&#8220; onclick=&#8220;link_image&#8220; eltd_css_animation=&#8220;&#8220;][vc_empty_space height=&#8220;40&#8243; image_repeat=&#8220;no-repeat&#8220;][\/vc_column][vc_column width=&#8220;1\/4&#8243;][vc_column_text]<\/p>\n<p>Im direkten Umfeld unseres Zuhauses k\u00f6nnen sich Milow und Ray auf den Wiesen, der Heide und an den Seen austoben und die Welt entdecken.<br \/>\nDie Fotos sind dort und in D\u00e4nemark entstanden<\/p>\n<p>Im Norden von D\u00e4nemark verbringen wir sehr gerne unseren Urlaub.<br \/>\nDort haben wir an der Nordseek\u00fcste ein Gebiet gefunden, welches den Hunden den perfekten Auslauf und uns die pure Erholung bietet.[\/vc_column_text][vc_empty_space height=&#8220;40&#8243; image_repeat=&#8220;no-repeat&#8220;][\/vc_column][\/vc_row][vc_row row_type=&#8220;row&#8220; use_row_as_full_screen_section=&#8220;no&#8220; type=&#8220;full_width&#8220; text_align=&#8220;left&#8220; video=&#8220;&#8220; css_animation=&#8220;&#8220; box_shadow_on_row=&#8220;no&#8220;][vc_column css_animation=&#8220;none&#8220; width=&#8220;1\/2&#8243;][vc_column_text]<\/p>\n<h3>Welpenbilder von Milow<\/h3>\n<p>[\/vc_column_text][vc_gallery type=&#8220;flexslider_slide&#8220; interval=&#8220;3&#8243; images=&#8220;323,322,321,319,318,316,315,332,331,330,329,326&#8243; img_size=&#8220;large&#8220; css_animation=&#8220;none&#8220;][vc_empty_space image_repeat=&#8220;no-repeat&#8220;][\/vc_column][vc_column width=&#8220;1\/2&#8243;][\/vc_column][\/vc_row][vc_row row_type=&#8220;row&#8220; use_row_as_full_screen_section=&#8220;no&#8220; type=&#8220;full_width&#8220; text_align=&#8220;left&#8220; video=&#8220;&#8220; css_animation=&#8220;&#8220; box_shadow_on_row=&#8220;no&#8220;][vc_column css_animation=&#8220;none&#8220; width=&#8220;1\/3&#8243;][vc_single_image image=&#8220;206&#8243; img_size=&#8220;large&#8220; style=&#8220;vc_box_shadow_border&#8220; onclick=&#8220;link_image&#8220; eltd_css_animation=&#8220;&#8220;][\/vc_column][vc_column width=&#8220;1\/3&#8243;][vc_single_image image=&#8220;433&#8243; img_size=&#8220;medium&#8220; alignment=&#8220;center&#8220; style=&#8220;vc_box_border&#8220; onclick=&#8220;link_image&#8220; eltd_css_animation=&#8220;&#8220;][\/vc_column][vc_column width=&#8220;1\/3&#8243;][vc_single_image image=&#8220;409&#8243; img_size=&#8220;medium&#8220; alignment=&#8220;right&#8220; style=&#8220;vc_box_border&#8220; onclick=&#8220;link_image&#8220; eltd_css_animation=&#8220;&#8220;][\/vc_column][\/vc_row][vc_row row_type=&#8220;row&#8220; use_row_as_full_screen_section=&#8220;no&#8220; type=&#8220;full_width&#8220; text_align=&#8220;left&#8220; video=&#8220;&#8220; css_animation=&#8220;&#8220; box_shadow_on_row=&#8220;no&#8220;][vc_column width=&#8220;1\/3&#8243;][vc_empty_space height=&#8220;40&#8243; image_repeat=&#8220;no-repeat&#8220;][vc_single_image image=&#8220;766&#8243; img_size=&#8220;medium&#8220; style=&#8220;vc_box_border&#8220; onclick=&#8220;link_image&#8220; eltd_css_animation=&#8220;&#8220;][vc_empty_space height=&#8220;40&#8243; image_repeat=&#8220;no-repeat&#8220;][\/vc_column][vc_column width=&#8220;1\/3&#8243;][vc_empty_space height=&#8220;40&#8243; image_repeat=&#8220;no-repeat&#8220;][vc_single_image image=&#8220;677&#8243; img_size=&#8220;medium&#8220; alignment=&#8220;center&#8220; style=&#8220;vc_box_border&#8220; onclick=&#8220;link_image&#8220; eltd_css_animation=&#8220;&#8220;][vc_empty_space height=&#8220;40&#8243; image_repeat=&#8220;no-repeat&#8220;][\/vc_column][vc_column width=&#8220;1\/3&#8243;][vc_empty_space height=&#8220;40&#8243; image_repeat=&#8220;no-repeat&#8220;][vc_single_image image=&#8220;558&#8243; img_size=&#8220;medium&#8220; alignment=&#8220;right&#8220; style=&#8220;vc_box_border&#8220; onclick=&#8220;link_image&#8220; eltd_css_animation=&#8220;&#8220;][vc_empty_space height=&#8220;40&#8243; image_repeat=&#8220;no-repeat&#8220;][\/vc_column][\/vc_row][vc_row row_type=&#8220;row&#8220; use_row_as_full_screen_section=&#8220;no&#8220; type=&#8220;full_width&#8220; text_align=&#8220;left&#8220; video=&#8220;&#8220; css_animation=&#8220;&#8220; box_shadow_on_row=&#8220;no&#8220;][vc_column][vc_single_image image=&#8220;275&#8243; img_size=&#8220;40&#215;40&#8243; alignment=&#8220;right&#8220; onclick=&#8220;custom_link&#8220; eltd_css_animation=&#8220;&#8220; link=&#8220;http:\/\/dzrr.de&#8220;][vc_column_text]<\/p>\n<p style=\"text-align: right;\">Wir sind Mitglied im<\/p>\n<p>[\/vc_column_text][\/vc_column][\/vc_row][vc_row row_type=&#8220;row&#8220; use_row_as_full_screen_section=&#8220;no&#8220; type=&#8220;full_width&#8220; text_align=&#8220;left&#8220; video=&#8220;&#8220; css_animation=&#8220;&#8220; box_shadow_on_row=&#8220;no&#8220;][vc_column][vc_single_image image=&#8220;273&#8243; img_size=&#8220;40&#215;40&#8243; alignment=&#8220;right&#8220; onclick=&#8220;custom_link&#8220; eltd_css_animation=&#8220;&#8220; link=&#8220;http:\/\/www.fci.be\/de\/&#8220;][vc_single_image image=&#8220;274&#8243; img_size=&#8220;40&#215;40&#8243; alignment=&#8220;right&#8220; onclick=&#8220;custom_link&#8220; eltd_css_animation=&#8220;&#8220; link=&#8220;https:\/\/www.vdh.de\/home\/&#8220;]<span class=\"eltd_icon_shade eltd_icon_shortcode font_elegant square eltd_small_iconpull-right back_to_top_icon \"  style=\"border-width: 1px; border-style:solid;\"><span aria-hidden=\"true\" class=\"eltd_icon_font_elegant arrow_carrot-2up \" style=\"color: #ffffff; \" ><\/span><\/span>[\/vc_column][\/vc_row][vc_row row_type=&#8220;row&#8220; use_row_as_full_screen_section=&#8220;no&#8220; type=&#8220;full_width&#8220; text_align=&#8220;left&#8220; video=&#8220;&#8220; css_animation=&#8220;&#8220; box_shadow_on_row=&#8220;no&#8220;][vc_column][vc_column_text]All rights reserved &#8211; Photos and design by Frank Ebert<br \/>\n\u00a9 2018 Rutland-Ridgeback[\/vc_column_text][\/vc_column][\/vc_row][vc_row row_type=&#8220;row&#8220; use_row_as_full_screen_section=&#8220;no&#8220; type=&#8220;full_width&#8220; text_align=&#8220;left&#8220; video=&#8220;&#8220; css_animation=&#8220;&#8220; box_shadow_on_row=&#8220;no&#8220;][vc_column][vc_raw_js]JTNDJTIxLS0lMjBHbG9iYWwlMjBzaXRlJTIwdGFnJTIwJTI4Z3RhZy5qcyUyOSUyMC0lMjBHb29nbGUlMjBBbmFseXRpY3MlMjAtLSUzRSUwQSUzQ3NjcmlwdCUyMGFzeW5jJTIwc3JjJTNEJTIyaHR0cHMlM0ElMkYlMkZ3d3cuZ29vZ2xldGFnbWFuYWdlci5jb20lMkZndGFnJTJGanMlM0ZpZCUzRFVBLTEyODc3MTE1NC0xJTIyJTNFJTNDJTJGc2NyaXB0JTNFJTBBJTNDc2NyaXB0JTNFJTBBJTIwJTIwd2luZG93LmRhdGFMYXllciUyMCUzRCUyMHdpbmRvdy5kYXRhTGF5ZXIlMjAlN0MlN0MlMjAlNUIlNUQlM0IlMEElMjAlMjBmdW5jdGlvbiUyMGd0YWclMjglMjklN0JkYXRhTGF5ZXIucHVzaCUyOGFyZ3VtZW50cyUyOSUzQiU3RCUwQSUyMCUyMGd0YWclMjglMjdqcyUyNyUyQyUyMG5ldyUyMERhdGUlMjglMjklMjklM0IlMEElMEElMjAlMjBndGFnJTI4JTI3Y29uZmlnJTI3JTJDJTIwJTI3VUEtMTI4NzcxMTU0LTElMjclMjklM0IlMEElM0MlMkZzY3JpcHQlM0UlMEE=[\/vc_raw_js][\/vc_column][\/vc_row]<\/p>\n<\/div>","protected":false},"excerpt":{"rendered":"<p>[vc_row row_type=&#8220;row&#8220; use_row_as_full_screen_section=&#8220;no&#8220; type=&#8220;full_width&#8220; text_align=&#8220;left&#8220; video=&#8220;&#8220; css_animation=&#8220;&#8220; box_shadow_on_row=&#8220;no&#8220;][vc_column][vc_empty_space image_repeat=&#8220;no-repeat&#8220;][vc_column_text]Milow ist ein sportlicher, schlanker R\u00fcde, der Spa\u00df an der Bewegung und am Spiel mit seinem Kumpel Ray hat. Dar\u00fcber hinaus liebt er das Mantrailen. Er ist ein typvoller, maskuliner R\u00fcde mit einer dunkelroten Farbe und einem&#8230;<\/p>\n","protected":false},"author":2,"featured_media":0,"parent":0,"menu_order":0,"comment_status":"closed","ping_status":"closed","template":"","meta":{"_monsterinsights_skip_tracking":false,"_monsterinsights_sitenote_active":false,"_monsterinsights_sitenote_note":"","_monsterinsights_sitenote_category":0,"footnotes":""},"class_list":["post-29","page","type-page","status-publish","hentry"],"_links":{"self":[{"href":"https:\/\/rutland-ridgeback.de\/index.php?rest_route=\/wp\/v2\/pages\/29","targetHints":{"allow":["GET"]}}],"collection":[{"href":"https:\/\/rutland-ridgeback.de\/index.php?rest_route=\/wp\/v2\/pages"}],"about":[{"href":"https:\/\/rutland-ridgeback.de\/index.php?rest_route=\/wp\/v2\/types\/page"}],"author":[{"embeddable":true,"href":"https:\/\/rutland-ridgeback.de\/index.php?rest_route=\/wp\/v2\/users\/2"}],"replies":[{"embeddable":true,"href":"https:\/\/rutland-ridgeback.de\/index.php?rest_route=%2Fwp%2Fv2%2Fcomments&post=29"}],"version-history":[{"count":149,"href":"https:\/\/rutland-ridgeback.de\/index.php?rest_route=\/wp\/v2\/pages\/29\/revisions"}],"predecessor-version":[{"id":971,"href":"https:\/\/rutland-ridgeback.de\/index.php?rest_route=\/wp\/v2\/pages\/29\/revisions\/971"}],"wp:attachment":[{"href":"https:\/\/rutland-ridgeback.de\/index.php?rest_route=%2Fwp%2Fv2%2Fmedia&parent=29"}],"curies":[{"name":"wp","href":"https:\/\/api.w.org\/{rel}","templated":true}]}}